{"id":18,"date":"2026-04-16T09:38:32","date_gmt":"2026-04-16T09:38:32","guid":{"rendered":"https:\/\/petitcafepuerto.rkinformatika.online\/?page_id=18"},"modified":"2026-05-07T16:26:37","modified_gmt":"2026-05-07T16:26:37","slug":"servicios","status":"publish","type":"page","link":"https:\/\/petitcafepuerto.es\/en\/servicios\/","title":{"rendered":"Servicios"},"content":{"rendered":"<div data-elementor-type=\"wp-page\" data-elementor-id=\"18\" class=\"elementor elementor-18\" data-elementor-post-type=\"page\">\n\t\t\t\t<div class=\"elementor-element elementor-element-23b47fe e-flex e-con-boxed e-con e-parent\" data-id=\"23b47fe\" data-element_type=\"container\" data-e-type=\"container\">\n\t\t\t\t\t<div class=\"e-con-inner\">\n\t\t<div class=\"elementor-element elementor-element-fe2bfe9 e-con-full e-flex e-con e-child\" data-id=\"fe2bfe9\" data-element_type=\"container\" data-e-type=\"container\">\n\t\t\t\t<div class=\"elementor-element elementor-element-5b6b3ea elementor-invisible elementor-widget elementor-widget-heading\" data-id=\"5b6b3ea\" data-element_type=\"widget\" data-e-type=\"widget\" data-settings=\"{&quot;_animation&quot;:&quot;fadeInUp&quot;}\" data-widget_type=\"heading.default\">\n\t\t\t\t\t<h2 class=\"elementor-heading-title elementor-size-default\">\nSabores para cada momento del d\u00eda<\/h2>\t\t\t\t<\/div>\n\t\t\t\t<div class=\"elementor-element elementor-element-0b8dc51 elementor-invisible elementor-widget elementor-widget-heading\" data-id=\"0b8dc51\" data-element_type=\"widget\" data-e-type=\"widget\" data-settings=\"{&quot;_animation&quot;:&quot;fadeInUp&quot;}\" data-widget_type=\"heading.default\">\n\t\t\t\t\t<h2 class=\"elementor-heading-title elementor-size-default\">Caf\u00e9s, bebidas, bocadillos, ensaladas, platos combinados y hamburguesas para disfrutar sin prisas.<\/h2>\t\t\t\t<\/div>\n\t\t\t\t<\/div>\n\t\t<div class=\"elementor-element elementor-element-ad1668e e-con-full e-flex e-con e-child\" data-id=\"ad1668e\" data-element_type=\"container\" data-e-type=\"container\">\n\t\t\t\t<div class=\"elementor-element elementor-element-498f7fd elementor-invisible elementor-widget elementor-widget-image\" data-id=\"498f7fd\" data-element_type=\"widget\" data-e-type=\"widget\" data-settings=\"{&quot;_animation&quot;:&quot;fadeInRight&quot;}\" data-widget_type=\"image.default\">\n\t\t\t\t\t\t\t\t\t\t\t\t\t\t\t<img fetchpriority=\"high\" decoding=\"async\" width=\"612\" height=\"408\" src=\"https:\/\/petitcafepuerto.es\/wp-content\/uploads\/2026\/05\/35973-removebg-preview.png\" class=\"elementor-animation-grow attachment-large size-large wp-image-497\" alt=\"\" srcset=\"https:\/\/petitcafepuerto.es\/wp-content\/uploads\/2026\/05\/35973-removebg-preview.png 612w, https:\/\/petitcafepuerto.es\/wp-content\/uploads\/2026\/05\/35973-removebg-preview-300x200.png 300w, https:\/\/petitcafepuerto.es\/wp-content\/uploads\/2026\/05\/35973-removebg-preview-18x12.png 18w\" sizes=\"(max-width: 612px) 100vw, 612px\" \/>\t\t\t\t\t\t\t\t\t\t\t\t\t\t\t<\/div>\n\t\t\t\t<\/div>\n\t\t\t\t\t<\/div>\n\t\t\t\t<\/div>\n\t\t<div class=\"elementor-element elementor-element-c5ddc7a e-flex e-con-boxed e-con e-parent\" data-id=\"c5ddc7a\" data-element_type=\"container\" data-e-type=\"container\" data-settings=\"{&quot;background_background&quot;:&quot;classic&quot;}\">\n\t\t\t\t\t<div class=\"e-con-inner\">\n\t\t\t\t<div class=\"elementor-element elementor-element-37b2e5d elementor-widget elementor-widget-heading\" data-id=\"37b2e5d\" data-element_type=\"widget\" data-e-type=\"widget\" data-widget_type=\"heading.default\">\n\t\t\t\t\t<h2 class=\"elementor-heading-title elementor-size-default\">Todo lo que puedes disfrutar en Petit Caf\u00e9 Puerto<\/h2>\t\t\t\t<\/div>\n\t\t\t\t<div class=\"elementor-element elementor-element-760b6a6 elementor-widget elementor-widget-text-editor\" data-id=\"760b6a6\" data-element_type=\"widget\" data-e-type=\"widget\" data-widget_type=\"text-editor.default\">\n\t\t\t\t\t\t\t\t\t<p>Ya sea para tomar un buen caf\u00e9, comer algo rico o hacer una pausa durante el d\u00eda, en Petit Caf\u00e9 Puerto te esperamos con una carta variada, un trato cercano y un ambiente familiar pensado para que te sientas como en casa.<\/p>\t\t\t\t\t\t\t\t<\/div>\n\t\t\t\t\t<\/div>\n\t\t\t\t<\/div>\n\t\t<div class=\"elementor-element elementor-element-bccd35b e-flex e-con-boxed e-con e-parent\" data-id=\"bccd35b\" data-element_type=\"container\" data-e-type=\"container\" data-settings=\"{&quot;background_background&quot;:&quot;classic&quot;}\">\n\t\t\t\t\t<div class=\"e-con-inner\">\n\t\t<div class=\"elementor-element elementor-element-6cd4b01 e-con-full e-flex e-con e-child\" data-id=\"6cd4b01\" data-element_type=\"container\" data-e-type=\"container\" data-settings=\"{&quot;background_background&quot;:&quot;classic&quot;}\">\n\t\t\t\t<div class=\"elementor-element elementor-element-637d7f9 elementor-widget elementor-widget-image\" data-id=\"637d7f9\" data-element_type=\"widget\" data-e-type=\"widget\" data-widget_type=\"image.default\">\n\t\t\t\t\t\t\t\t\t\t\t\t\t\t\t<img decoding=\"async\" width=\"800\" height=\"800\" src=\"https:\/\/petitcafepuerto.es\/wp-content\/uploads\/2026\/05\/2148209320-1024x1024.jpg\" class=\"elementor-animation-grow attachment-large size-large wp-image-615\" alt=\"\" srcset=\"https:\/\/petitcafepuerto.es\/wp-content\/uploads\/2026\/05\/2148209320-1024x1024.jpg 1024w, https:\/\/petitcafepuerto.es\/wp-content\/uploads\/2026\/05\/2148209320-300x300.jpg 300w, https:\/\/petitcafepuerto.es\/wp-content\/uploads\/2026\/05\/2148209320-150x150.jpg 150w, https:\/\/petitcafepuerto.es\/wp-content\/uploads\/2026\/05\/2148209320-768x768.jpg 768w, https:\/\/petitcafepuerto.es\/wp-content\/uploads\/2026\/05\/2148209320-1536x1536.jpg 1536w, https:\/\/petitcafepuerto.es\/wp-content\/uploads\/2026\/05\/2148209320-12x12.jpg 12w, https:\/\/petitcafepuerto.es\/wp-content\/uploads\/2026\/05\/2148209320.jpg 2000w\" sizes=\"(max-width: 800px) 100vw, 800px\" \/>\t\t\t\t\t\t\t\t\t\t\t\t\t\t\t<\/div>\n\t\t\t\t<div class=\"elementor-element elementor-element-b279d68 elementor-widget elementor-widget-heading\" data-id=\"b279d68\" data-element_type=\"widget\" data-e-type=\"widget\" data-widget_type=\"heading.default\">\n\t\t\t\t\t<h2 class=\"elementor-heading-title elementor-size-default\">Caf\u00e9s<\/h2>\t\t\t\t<\/div>\n\t\t\t\t<\/div>\n\t\t<div class=\"elementor-element elementor-element-a7b635c e-con-full e-flex e-con e-child\" data-id=\"a7b635c\" data-element_type=\"container\" data-e-type=\"container\" data-settings=\"{&quot;background_background&quot;:&quot;classic&quot;}\">\n\t\t\t\t<div class=\"elementor-element elementor-element-5c1c194 elementor-widget elementor-widget-image\" data-id=\"5c1c194\" data-element_type=\"widget\" data-e-type=\"widget\" data-widget_type=\"image.default\">\n\t\t\t\t\t\t\t\t\t\t\t\t\t\t\t<img decoding=\"async\" width=\"800\" height=\"800\" src=\"https:\/\/petitcafepuerto.es\/wp-content\/uploads\/2026\/05\/9248-1024x1024.jpg\" class=\"elementor-animation-grow attachment-large size-large wp-image-616\" alt=\"\" srcset=\"https:\/\/petitcafepuerto.es\/wp-content\/uploads\/2026\/05\/9248-1024x1024.jpg 1024w, https:\/\/petitcafepuerto.es\/wp-content\/uploads\/2026\/05\/9248-300x300.jpg 300w, https:\/\/petitcafepuerto.es\/wp-content\/uploads\/2026\/05\/9248-150x150.jpg 150w, https:\/\/petitcafepuerto.es\/wp-content\/uploads\/2026\/05\/9248-768x768.jpg 768w, https:\/\/petitcafepuerto.es\/wp-content\/uploads\/2026\/05\/9248-1536x1536.jpg 1536w, https:\/\/petitcafepuerto.es\/wp-content\/uploads\/2026\/05\/9248-12x12.jpg 12w, https:\/\/petitcafepuerto.es\/wp-content\/uploads\/2026\/05\/9248.jpg 2000w\" sizes=\"(max-width: 800px) 100vw, 800px\" \/>\t\t\t\t\t\t\t\t\t\t\t\t\t\t\t<\/div>\n\t\t\t\t<div class=\"elementor-element elementor-element-dd0d904 elementor-widget elementor-widget-heading\" data-id=\"dd0d904\" data-element_type=\"widget\" data-e-type=\"widget\" data-widget_type=\"heading.default\">\n\t\t\t\t\t<h2 class=\"elementor-heading-title elementor-size-default\">bebidas<\/h2>\t\t\t\t<\/div>\n\t\t\t\t<\/div>\n\t\t<div class=\"elementor-element elementor-element-395c1d5 e-con-full e-flex e-con e-child\" data-id=\"395c1d5\" data-element_type=\"container\" data-e-type=\"container\" data-settings=\"{&quot;background_background&quot;:&quot;classic&quot;}\">\n\t\t\t\t<div class=\"elementor-element elementor-element-871ac3c elementor-widget elementor-widget-image\" data-id=\"871ac3c\" data-element_type=\"widget\" data-e-type=\"widget\" data-widget_type=\"image.default\">\n\t\t\t\t\t\t\t\t\t\t\t\t\t\t\t<img loading=\"lazy\" decoding=\"async\" width=\"800\" height=\"800\" src=\"https:\/\/petitcafepuerto.es\/wp-content\/uploads\/2026\/05\/10508-1024x1024.jpg\" class=\"elementor-animation-grow attachment-large size-large wp-image-630\" alt=\"\" srcset=\"https:\/\/petitcafepuerto.es\/wp-content\/uploads\/2026\/05\/10508-1024x1024.jpg 1024w, https:\/\/petitcafepuerto.es\/wp-content\/uploads\/2026\/05\/10508-300x300.jpg 300w, https:\/\/petitcafepuerto.es\/wp-content\/uploads\/2026\/05\/10508-150x150.jpg 150w, https:\/\/petitcafepuerto.es\/wp-content\/uploads\/2026\/05\/10508-768x768.jpg 768w, https:\/\/petitcafepuerto.es\/wp-content\/uploads\/2026\/05\/10508-1536x1536.jpg 1536w, https:\/\/petitcafepuerto.es\/wp-content\/uploads\/2026\/05\/10508-12x12.jpg 12w, https:\/\/petitcafepuerto.es\/wp-content\/uploads\/2026\/05\/10508.jpg 2000w\" sizes=\"(max-width: 800px) 100vw, 800px\" \/>\t\t\t\t\t\t\t\t\t\t\t\t\t\t\t<\/div>\n\t\t\t\t<div class=\"elementor-element elementor-element-044a757 elementor-widget elementor-widget-heading\" data-id=\"044a757\" data-element_type=\"widget\" data-e-type=\"widget\" data-widget_type=\"heading.default\">\n\t\t\t\t\t<h2 class=\"elementor-heading-title elementor-size-default\">bocadillos<\/h2>\t\t\t\t<\/div>\n\t\t\t\t<\/div>\n\t\t\t\t\t<\/div>\n\t\t\t\t<\/div>\n\t\t<div class=\"elementor-element elementor-element-1fd349c e-flex e-con-boxed e-con e-parent\" data-id=\"1fd349c\" data-element_type=\"container\" data-e-type=\"container\" data-settings=\"{&quot;background_background&quot;:&quot;classic&quot;}\">\n\t\t\t\t\t<div class=\"e-con-inner\">\n\t\t<div class=\"elementor-element elementor-element-d789ff5 e-con-full e-flex e-con e-child\" data-id=\"d789ff5\" data-element_type=\"container\" data-e-type=\"container\" data-settings=\"{&quot;background_background&quot;:&quot;classic&quot;}\">\n\t\t\t\t<div class=\"elementor-element elementor-element-5bbbf92 elementor-widget elementor-widget-image\" data-id=\"5bbbf92\" data-element_type=\"widget\" data-e-type=\"widget\" data-widget_type=\"image.default\">\n\t\t\t\t\t\t\t\t\t\t\t\t\t\t\t<img loading=\"lazy\" decoding=\"async\" width=\"800\" height=\"800\" src=\"https:\/\/petitcafepuerto.es\/wp-content\/uploads\/2026\/05\/3127-1024x1024.jpg\" class=\"elementor-animation-grow attachment-large size-large wp-image-621\" alt=\"\" srcset=\"https:\/\/petitcafepuerto.es\/wp-content\/uploads\/2026\/05\/3127-1024x1024.jpg 1024w, https:\/\/petitcafepuerto.es\/wp-content\/uploads\/2026\/05\/3127-300x300.jpg 300w, https:\/\/petitcafepuerto.es\/wp-content\/uploads\/2026\/05\/3127-150x150.jpg 150w, https:\/\/petitcafepuerto.es\/wp-content\/uploads\/2026\/05\/3127-768x768.jpg 768w, https:\/\/petitcafepuerto.es\/wp-content\/uploads\/2026\/05\/3127-1536x1536.jpg 1536w, https:\/\/petitcafepuerto.es\/wp-content\/uploads\/2026\/05\/3127-12x12.jpg 12w, https:\/\/petitcafepuerto.es\/wp-content\/uploads\/2026\/05\/3127.jpg 2000w\" sizes=\"(max-width: 800px) 100vw, 800px\" \/>\t\t\t\t\t\t\t\t\t\t\t\t\t\t\t<\/div>\n\t\t\t\t<div class=\"elementor-element elementor-element-f5ec08f elementor-widget elementor-widget-heading\" data-id=\"f5ec08f\" data-element_type=\"widget\" data-e-type=\"widget\" data-widget_type=\"heading.default\">\n\t\t\t\t\t<h2 class=\"elementor-heading-title elementor-size-default\">ensaladas<\/h2>\t\t\t\t<\/div>\n\t\t\t\t<\/div>\n\t\t<div class=\"elementor-element elementor-element-8e93744 e-con-full e-flex e-con e-child\" data-id=\"8e93744\" data-element_type=\"container\" data-e-type=\"container\" data-settings=\"{&quot;background_background&quot;:&quot;classic&quot;}\">\n\t\t\t\t<div class=\"elementor-element elementor-element-6cc47e2 elementor-widget elementor-widget-image\" data-id=\"6cc47e2\" data-element_type=\"widget\" data-e-type=\"widget\" data-widget_type=\"image.default\">\n\t\t\t\t\t\t\t\t\t\t\t\t\t\t\t<img loading=\"lazy\" decoding=\"async\" width=\"800\" height=\"800\" src=\"https:\/\/petitcafepuerto.es\/wp-content\/uploads\/2026\/05\/2860045-1024x1024.jpg\" class=\"elementor-animation-grow attachment-large size-large wp-image-620\" alt=\"\" srcset=\"https:\/\/petitcafepuerto.es\/wp-content\/uploads\/2026\/05\/2860045-1024x1024.jpg 1024w, https:\/\/petitcafepuerto.es\/wp-content\/uploads\/2026\/05\/2860045-300x300.jpg 300w, https:\/\/petitcafepuerto.es\/wp-content\/uploads\/2026\/05\/2860045-150x150.jpg 150w, https:\/\/petitcafepuerto.es\/wp-content\/uploads\/2026\/05\/2860045-768x768.jpg 768w, https:\/\/petitcafepuerto.es\/wp-content\/uploads\/2026\/05\/2860045-1536x1536.jpg 1536w, https:\/\/petitcafepuerto.es\/wp-content\/uploads\/2026\/05\/2860045-12x12.jpg 12w, https:\/\/petitcafepuerto.es\/wp-content\/uploads\/2026\/05\/2860045.jpg 2000w\" sizes=\"(max-width: 800px) 100vw, 800px\" \/>\t\t\t\t\t\t\t\t\t\t\t\t\t\t\t<\/div>\n\t\t\t\t<div class=\"elementor-element elementor-element-a0f8ce8 elementor-widget elementor-widget-heading\" data-id=\"a0f8ce8\" data-element_type=\"widget\" data-e-type=\"widget\" data-widget_type=\"heading.default\">\n\t\t\t\t\t<h2 class=\"elementor-heading-title elementor-size-default\">platos combinados<\/h2>\t\t\t\t<\/div>\n\t\t\t\t<\/div>\n\t\t<div class=\"elementor-element elementor-element-88efa28 e-con-full e-flex e-con e-child\" data-id=\"88efa28\" data-element_type=\"container\" data-e-type=\"container\" data-settings=\"{&quot;background_background&quot;:&quot;classic&quot;}\">\n\t\t\t\t<div class=\"elementor-element elementor-element-5a8644e elementor-widget elementor-widget-image\" data-id=\"5a8644e\" data-element_type=\"widget\" data-e-type=\"widget\" data-widget_type=\"image.default\">\n\t\t\t\t\t\t\t\t\t\t\t\t\t\t\t<img loading=\"lazy\" decoding=\"async\" width=\"800\" height=\"800\" src=\"https:\/\/petitcafepuerto.es\/wp-content\/uploads\/2026\/05\/8-1024x1024.jpg\" class=\"elementor-animation-grow attachment-large size-large wp-image-618\" alt=\"\" srcset=\"https:\/\/petitcafepuerto.es\/wp-content\/uploads\/2026\/05\/8-1024x1024.jpg 1024w, https:\/\/petitcafepuerto.es\/wp-content\/uploads\/2026\/05\/8-300x300.jpg 300w, https:\/\/petitcafepuerto.es\/wp-content\/uploads\/2026\/05\/8-150x150.jpg 150w, https:\/\/petitcafepuerto.es\/wp-content\/uploads\/2026\/05\/8-768x768.jpg 768w, https:\/\/petitcafepuerto.es\/wp-content\/uploads\/2026\/05\/8-1536x1536.jpg 1536w, https:\/\/petitcafepuerto.es\/wp-content\/uploads\/2026\/05\/8-12x12.jpg 12w, https:\/\/petitcafepuerto.es\/wp-content\/uploads\/2026\/05\/8.jpg 2000w\" sizes=\"(max-width: 800px) 100vw, 800px\" \/>\t\t\t\t\t\t\t\t\t\t\t\t\t\t\t<\/div>\n\t\t\t\t<div class=\"elementor-element elementor-element-8ddd5cb elementor-widget elementor-widget-heading\" data-id=\"8ddd5cb\" data-element_type=\"widget\" data-e-type=\"widget\" data-widget_type=\"heading.default\">\n\t\t\t\t\t<h2 class=\"elementor-heading-title elementor-size-default\">hamburguesas<\/h2>\t\t\t\t<\/div>\n\t\t\t\t<\/div>\n\t\t\t\t\t<\/div>\n\t\t\t\t<\/div>\n\t\t<div class=\"elementor-element elementor-element-458a345 e-flex e-con-boxed e-con e-parent\" data-id=\"458a345\" data-element_type=\"container\" data-e-type=\"container\" data-settings=\"{&quot;background_background&quot;:&quot;classic&quot;}\">\n\t\t\t\t\t<div class=\"e-con-inner\">\n\t\t\t\t<div class=\"elementor-element elementor-element-027322c elementor-widget elementor-widget-heading\" data-id=\"027322c\" data-element_type=\"widget\" data-e-type=\"widget\" data-widget_type=\"heading.default\">\n\t\t\t\t\t<h2 class=\"elementor-heading-title elementor-size-default\"> \u00bfTe esperamos en Petit Caf\u00e9 Puerto?<\/h2>\t\t\t\t<\/div>\n\t\t\t\t<div class=\"elementor-element elementor-element-c1805d0 elementor-widget elementor-widget-heading\" data-id=\"c1805d0\" data-element_type=\"widget\" data-e-type=\"widget\" data-widget_type=\"heading.default\">\n\t\t\t\t\t<h2 class=\"elementor-heading-title elementor-size-default\"> \n Ven a disfrutar de un buen caf\u00e9, una comida informal o una pausa agradable en un ambiente cercano y familiar. Estamos en el coraz\u00f3n del Puerto de la Cruz.<\/h2>\t\t\t\t<\/div>\n\t\t\t\t<div class=\"elementor-element elementor-element-7687696 elementor-align-center elementor-invisible elementor-widget elementor-widget-button\" data-id=\"7687696\" data-element_type=\"widget\" data-e-type=\"widget\" data-settings=\"{&quot;_animation&quot;:&quot;fadeInDown&quot;}\" data-widget_type=\"button.default\">\n\t\t\t\t\t\t\t\t\t\t<a class=\"elementor-button elementor-button-link elementor-size-sm\" href=\"\/en\/contacto\/\">\n\t\t\t\t\t\t<span class=\"elementor-button-content-wrapper\">\n\t\t\t\t\t\t\t\t\t<span class=\"elementor-button-text\">Cont\u00e1ctanos<\/span>\n\t\t\t\t\t<\/span>\n\t\t\t\t\t<\/a>\n\t\t\t\t\t\t\t\t<\/div>\n\t\t\t\t\t<\/div>\n\t\t\t\t<\/div>\n\t\t\t\t<\/div>","protected":false},"excerpt":{"rendered":"<p>Sabores para cada momento del d\u00eda Caf\u00e9s, bebidas, bocadillos, ensaladas, platos combinados y hamburguesas para disfrutar sin prisas. Todo lo que puedes disfrutar en Petit Caf\u00e9 Puerto Ya sea para tomar un buen caf\u00e9, comer algo rico o hacer una pausa durante el d\u00eda, en Petit Caf\u00e9 Puerto te esperamos con una carta variada, un [&hellip;]<\/p>\n","protected":false},"author":1,"featured_media":0,"parent":0,"menu_order":0,"comment_status":"closed","ping_status":"closed","template":"elementor_canvas","meta":{"footnotes":""},"class_list":["post-18","page","type-page","status-publish","hentry"],"yoast_head":"<!-- This site is optimized with the Yoast SEO plugin v27.6 - https:\/\/yoast.com\/product\/yoast-seo-wordpress\/ -->\n<title>Servicios - Petit Caf\u00e9 Puerto<\/title>\n<meta name=\"robots\" content=\"index, follow, max-snippet:-1, max-image-preview:large, max-video-preview:-1\" \/>\n<link rel=\"canonical\" href=\"https:\/\/petitcafepuerto.es\/en\/servicios\/\" \/>\n<meta property=\"og:locale\" content=\"en_GB\" \/>\n<meta property=\"og:type\" content=\"article\" \/>\n<meta property=\"og:title\" content=\"Servicios - Petit Caf\u00e9 Puerto\" \/>\n<meta property=\"og:description\" content=\"Sabores para cada momento del d\u00eda Caf\u00e9s, bebidas, bocadillos, ensaladas, platos combinados y hamburguesas para disfrutar sin prisas. Todo lo que puedes disfrutar en Petit Caf\u00e9 Puerto Ya sea para tomar un buen caf\u00e9, comer algo rico o hacer una pausa durante el d\u00eda, en Petit Caf\u00e9 Puerto te esperamos con una carta variada, un [&hellip;]\" \/>\n<meta property=\"og:url\" content=\"https:\/\/petitcafepuerto.es\/en\/servicios\/\" \/>\n<meta property=\"og:site_name\" content=\"Petit Caf\u00e9 Puerto\" \/>\n<meta property=\"article:modified_time\" content=\"2026-05-07T16:26:37+00:00\" \/>\n<meta property=\"og:image\" content=\"https:\/\/petitcafepuerto.es\/wp-content\/uploads\/2026\/05\/35973-removebg-preview.png\" \/>\n\t<meta property=\"og:image:width\" content=\"612\" \/>\n\t<meta property=\"og:image:height\" content=\"408\" \/>\n\t<meta property=\"og:image:type\" content=\"image\/png\" \/>\n<meta name=\"twitter:card\" content=\"summary_large_image\" \/>\n<meta name=\"twitter:label1\" content=\"Est. reading time\" \/>\n\t<meta name=\"twitter:data1\" content=\"1 minute\" \/>\n<script type=\"application\/ld+json\" class=\"yoast-schema-graph\">{\"@context\":\"https:\\\/\\\/schema.org\",\"@graph\":[{\"@type\":\"WebPage\",\"@id\":\"https:\\\/\\\/petitcafepuerto.es\\\/servicios\\\/\",\"url\":\"https:\\\/\\\/petitcafepuerto.es\\\/servicios\\\/\",\"name\":\"Servicios - Petit Caf\u00e9 Puerto\",\"isPartOf\":{\"@id\":\"https:\\\/\\\/petitcafepuerto.es\\\/#website\"},\"primaryImageOfPage\":{\"@id\":\"https:\\\/\\\/petitcafepuerto.es\\\/servicios\\\/#primaryimage\"},\"image\":{\"@id\":\"https:\\\/\\\/petitcafepuerto.es\\\/servicios\\\/#primaryimage\"},\"thumbnailUrl\":\"https:\\\/\\\/petitcafepuerto.es\\\/wp-content\\\/uploads\\\/2026\\\/05\\\/35973-removebg-preview.png\",\"datePublished\":\"2026-04-16T09:38:32+00:00\",\"dateModified\":\"2026-05-07T16:26:37+00:00\",\"breadcrumb\":{\"@id\":\"https:\\\/\\\/petitcafepuerto.es\\\/servicios\\\/#breadcrumb\"},\"inLanguage\":\"en-GB\",\"potentialAction\":[{\"@type\":\"ReadAction\",\"target\":[\"https:\\\/\\\/petitcafepuerto.es\\\/servicios\\\/\"]}]},{\"@type\":\"ImageObject\",\"inLanguage\":\"en-GB\",\"@id\":\"https:\\\/\\\/petitcafepuerto.es\\\/servicios\\\/#primaryimage\",\"url\":\"https:\\\/\\\/petitcafepuerto.es\\\/wp-content\\\/uploads\\\/2026\\\/05\\\/35973-removebg-preview.png\",\"contentUrl\":\"https:\\\/\\\/petitcafepuerto.es\\\/wp-content\\\/uploads\\\/2026\\\/05\\\/35973-removebg-preview.png\"},{\"@type\":\"BreadcrumbList\",\"@id\":\"https:\\\/\\\/petitcafepuerto.es\\\/servicios\\\/#breadcrumb\",\"itemListElement\":[{\"@type\":\"ListItem\",\"position\":1,\"name\":\"Portada\",\"item\":\"https:\\\/\\\/petitcafepuerto.es\\\/\"},{\"@type\":\"ListItem\",\"position\":2,\"name\":\"Servicios\"}]},{\"@type\":\"WebSite\",\"@id\":\"https:\\\/\\\/petitcafepuerto.es\\\/#website\",\"url\":\"https:\\\/\\\/petitcafepuerto.es\\\/\",\"name\":\"Petit Caf\u00e9 Puerto\",\"description\":\"\",\"publisher\":{\"@id\":\"https:\\\/\\\/petitcafepuerto.es\\\/#organization\"},\"potentialAction\":[{\"@type\":\"SearchAction\",\"target\":{\"@type\":\"EntryPoint\",\"urlTemplate\":\"https:\\\/\\\/petitcafepuerto.es\\\/?s={search_term_string}\"},\"query-input\":{\"@type\":\"PropertyValueSpecification\",\"valueRequired\":true,\"valueName\":\"search_term_string\"}}],\"inLanguage\":\"en-GB\"},{\"@type\":\"Organization\",\"@id\":\"https:\\\/\\\/petitcafepuerto.es\\\/#organization\",\"name\":\"Petit Caf\u00e9 Puerto\",\"url\":\"https:\\\/\\\/petitcafepuerto.es\\\/\",\"logo\":{\"@type\":\"ImageObject\",\"inLanguage\":\"en-GB\",\"@id\":\"https:\\\/\\\/petitcafepuerto.es\\\/#\\\/schema\\\/logo\\\/image\\\/\",\"url\":\"https:\\\/\\\/petitcafepuerto.es\\\/wp-content\\\/uploads\\\/2026\\\/04\\\/cbpetitcafepuerto202603_logo_web-scaled.png\",\"contentUrl\":\"https:\\\/\\\/petitcafepuerto.es\\\/wp-content\\\/uploads\\\/2026\\\/04\\\/cbpetitcafepuerto202603_logo_web-scaled.png\",\"width\":2560,\"height\":2560,\"caption\":\"Petit Caf\u00e9 Puerto\"},\"image\":{\"@id\":\"https:\\\/\\\/petitcafepuerto.es\\\/#\\\/schema\\\/logo\\\/image\\\/\"}}]}<\/script>\n<!-- \/ Yoast SEO plugin. -->","yoast_head_json":{"title":"Servicios - Petit Caf\u00e9 Puerto","robots":{"index":"index","follow":"follow","max-snippet":"max-snippet:-1","max-image-preview":"max-image-preview:large","max-video-preview":"max-video-preview:-1"},"canonical":"https:\/\/petitcafepuerto.es\/en\/servicios\/","og_locale":"en_GB","og_type":"article","og_title":"Servicios - Petit Caf\u00e9 Puerto","og_description":"Sabores para cada momento del d\u00eda Caf\u00e9s, bebidas, bocadillos, ensaladas, platos combinados y hamburguesas para disfrutar sin prisas. Todo lo que puedes disfrutar en Petit Caf\u00e9 Puerto Ya sea para tomar un buen caf\u00e9, comer algo rico o hacer una pausa durante el d\u00eda, en Petit Caf\u00e9 Puerto te esperamos con una carta variada, un [&hellip;]","og_url":"https:\/\/petitcafepuerto.es\/en\/servicios\/","og_site_name":"Petit Caf\u00e9 Puerto","article_modified_time":"2026-05-07T16:26:37+00:00","og_image":[{"width":612,"height":408,"url":"https:\/\/petitcafepuerto.es\/wp-content\/uploads\/2026\/05\/35973-removebg-preview.png","type":"image\/png"}],"twitter_card":"summary_large_image","twitter_misc":{"Est. reading time":"1 minute"},"schema":{"@context":"https:\/\/schema.org","@graph":[{"@type":"WebPage","@id":"https:\/\/petitcafepuerto.es\/servicios\/","url":"https:\/\/petitcafepuerto.es\/servicios\/","name":"Servicios - Petit Caf\u00e9 Puerto","isPartOf":{"@id":"https:\/\/petitcafepuerto.es\/#website"},"primaryImageOfPage":{"@id":"https:\/\/petitcafepuerto.es\/servicios\/#primaryimage"},"image":{"@id":"https:\/\/petitcafepuerto.es\/servicios\/#primaryimage"},"thumbnailUrl":"https:\/\/petitcafepuerto.es\/wp-content\/uploads\/2026\/05\/35973-removebg-preview.png","datePublished":"2026-04-16T09:38:32+00:00","dateModified":"2026-05-07T16:26:37+00:00","breadcrumb":{"@id":"https:\/\/petitcafepuerto.es\/servicios\/#breadcrumb"},"inLanguage":"en-GB","potentialAction":[{"@type":"ReadAction","target":["https:\/\/petitcafepuerto.es\/servicios\/"]}]},{"@type":"ImageObject","inLanguage":"en-GB","@id":"https:\/\/petitcafepuerto.es\/servicios\/#primaryimage","url":"https:\/\/petitcafepuerto.es\/wp-content\/uploads\/2026\/05\/35973-removebg-preview.png","contentUrl":"https:\/\/petitcafepuerto.es\/wp-content\/uploads\/2026\/05\/35973-removebg-preview.png"},{"@type":"BreadcrumbList","@id":"https:\/\/petitcafepuerto.es\/servicios\/#breadcrumb","itemListElement":[{"@type":"ListItem","position":1,"name":"Portada","item":"https:\/\/petitcafepuerto.es\/"},{"@type":"ListItem","position":2,"name":"Servicios"}]},{"@type":"WebSite","@id":"https:\/\/petitcafepuerto.es\/#website","url":"https:\/\/petitcafepuerto.es\/","name":"Petit Caf\u00e9 Puerto","description":"","publisher":{"@id":"https:\/\/petitcafepuerto.es\/#organization"},"potentialAction":[{"@type":"SearchAction","target":{"@type":"EntryPoint","urlTemplate":"https:\/\/petitcafepuerto.es\/?s={search_term_string}"},"query-input":{"@type":"PropertyValueSpecification","valueRequired":true,"valueName":"search_term_string"}}],"inLanguage":"en-GB"},{"@type":"Organization","@id":"https:\/\/petitcafepuerto.es\/#organization","name":"Petit Caf\u00e9 Puerto","url":"https:\/\/petitcafepuerto.es\/","logo":{"@type":"ImageObject","inLanguage":"en-GB","@id":"https:\/\/petitcafepuerto.es\/#\/schema\/logo\/image\/","url":"https:\/\/petitcafepuerto.es\/wp-content\/uploads\/2026\/04\/cbpetitcafepuerto202603_logo_web-scaled.png","contentUrl":"https:\/\/petitcafepuerto.es\/wp-content\/uploads\/2026\/04\/cbpetitcafepuerto202603_logo_web-scaled.png","width":2560,"height":2560,"caption":"Petit Caf\u00e9 Puerto"},"image":{"@id":"https:\/\/petitcafepuerto.es\/#\/schema\/logo\/image\/"}}]}},"_links":{"self":[{"href":"https:\/\/petitcafepuerto.es\/en\/wp-json\/wp\/v2\/pages\/18","targetHints":{"allow":["GET"]}}],"collection":[{"href":"https:\/\/petitcafepuerto.es\/en\/wp-json\/wp\/v2\/pages"}],"about":[{"href":"https:\/\/petitcafepuerto.es\/en\/wp-json\/wp\/v2\/types\/page"}],"author":[{"embeddable":true,"href":"https:\/\/petitcafepuerto.es\/en\/wp-json\/wp\/v2\/users\/1"}],"replies":[{"embeddable":true,"href":"https:\/\/petitcafepuerto.es\/en\/wp-json\/wp\/v2\/comments?post=18"}],"version-history":[{"count":202,"href":"https:\/\/petitcafepuerto.es\/en\/wp-json\/wp\/v2\/pages\/18\/revisions"}],"predecessor-version":[{"id":706,"href":"https:\/\/petitcafepuerto.es\/en\/wp-json\/wp\/v2\/pages\/18\/revisions\/706"}],"wp:attachment":[{"href":"https:\/\/petitcafepuerto.es\/en\/wp-json\/wp\/v2\/media?parent=18"}],"curies":[{"name":"wp","href":"https:\/\/api.w.org\/{rel}","templated":true}]}}